{"id":331,"date":"2024-08-10T16:24:10","date_gmt":"2024-08-10T16:24:10","guid":{"rendered":"https:\/\/solutek-wp.laralink.com\/?page_id=331"},"modified":"2026-03-24T09:40:26","modified_gmt":"2026-03-24T09:40:26","slug":"bursa-web-tasarin-iletisim","status":"publish","type":"page","link":"https:\/\/sharemet.com\/?page_id=331","title":{"rendered":"\u0130leti\u015fim"},"content":{"rendered":"\t\t<div data-elementor-type=\"wp-page\" data-elementor-id=\"331\" class=\"elementor elementor-331\">\n\t\t\t\t<div class=\"elementor-element elementor-element-355c9ab e-con-full e-flex e-con e-parent\" data-id=\"355c9ab\" data-element_type=\"container\" data-e-type=\"container\" data-settings=\"{&quot;tmea_shape_divider_top&quot;:&quot;none&quot;,&quot;tmea_shape_divider_bottom&quot;:&quot;none&quot;}\">\n\t\t\n\t\t<div class=\"elementor-element elementor-element-62d2773 elementor-widget elementor-widget-page-banner\" data-id=\"62d2773\" data-element_type=\"widget\" data-e-type=\"widget\" data-widget_type=\"page-banner.default\">\n\t\t\t\t<div class=\"elementor-widget-container\">\n\t\t\t\t\t\r\n        <div class=\"breadcumb-area about\" data-src=\"https:\/\/sharemet.com\/wp-content\/uploads\/2024\/08\/breadcumb-bg.png\">\r\n            <div class=\"container\">\r\n                <div class=\"row\">\r\n                    <div class=\"col-lg-12\">\r\n                        <div class=\"breadcumb-content\">\r\n                            <h4>\u0130leti\u015fim<\/h4>\r\n                                                        <ul class=\"breadcumb-list\">\r\n                                <li><a href=\"index.html\">Home<\/a><\/li>\r\n                                <li class=\"list-arrow\">&lt;<\/li>\r\n                                <li>\u0130leti\u015fim<\/li>\r\n                            <\/ul>\r\n                                                    <\/div>\r\n                    <\/div>\r\n                <\/div>\r\n            <\/div>\r\n        <\/div>\r\n\r\n    \t\t\t\t<\/div>\n\t\t\t\t<\/div>\n\t\t\t\t<\/div>\n\t\t<div class=\"elementor-element elementor-element-01e185e e-con-full e-flex e-con e-parent\" data-id=\"01e185e\" data-element_type=\"container\" data-e-type=\"container\" data-settings=\"{&quot;tmea_shape_divider_top&quot;:&quot;none&quot;,&quot;tmea_shape_divider_bottom&quot;:&quot;none&quot;}\">\n\t\t\t\t<div class=\"elementor-element elementor-element-a1a862f elementor-widget elementor-widget-contact-info\" data-id=\"a1a862f\" data-element_type=\"widget\" data-e-type=\"widget\" data-widget_type=\"contact-info.default\">\n\t\t\t\t<div class=\"elementor-widget-container\">\n\t\t\t\t\t\r\n        <div class=\"contact-area\" data-src=\"https:\/\/sharemet.com\/wp-content\/uploads\/2024\/08\/contact-bg.png\">\r\n            <div class=\"container\">\r\n                <div class=\"row\">\r\n                    <div class=\"col-lg-6 col-md-7\">\r\n                        <div class=\"section-title text-left\">\r\n                                                        <h5 class=\"section-sub-title\">\u0130leti\u015fim Bilgisi<\/h5>\r\n                                                                                        <h1 class=\"section-main-title\">Bursa Web Tasar\u0131m <br>Prod\u00fcksiyon Evi &amp; Teknoloji Partneri<\/h1>\r\n                                                    <\/div>\r\n                                                    <div class=\"contact_from_box\">\r\n                                <div  id=\"dreamit-form\">\r\n                                    \n<div class=\"wpcf7 no-js\" id=\"wpcf7-f793-o1\" lang=\"en-US\" dir=\"ltr\" data-wpcf7-id=\"793\">\n<div class=\"screen-reader-response\"><p role=\"status\" aria-live=\"polite\" aria-atomic=\"true\"><\/p> <ul><\/ul><\/div>\n<form action=\"\/index.php?rest_route=%2Fwp%2Fv2%2Fpages%2F331#wpcf7-f793-o1\" method=\"post\" class=\"wpcf7-form init\" aria-label=\"Contact form\" novalidate=\"novalidate\" data-status=\"init\">\n<fieldset class=\"hidden-fields-container\"><input type=\"hidden\" name=\"_wpcf7\" value=\"793\" \/><input type=\"hidden\" name=\"_wpcf7_version\" value=\"6.1.5\" \/><input type=\"hidden\" name=\"_wpcf7_locale\" value=\"en_US\" \/><input type=\"hidden\" name=\"_wpcf7_unit_tag\" value=\"wpcf7-f793-o1\" \/><input type=\"hidden\" name=\"_wpcf7_container_post\" value=\"0\" \/><input type=\"hidden\" name=\"_wpcf7_posted_data_hash\" value=\"\" \/>\n<\/fieldset>\n<div class=\"row\">\n                                    <div class=\"col-lg-6\">\n                                        <div class=\"form_box\">\n                                             <span class=\"wpcf7-form-control-wrap\" data-name=\"Name\"><input size=\"40\" maxlength=\"400\" class=\"wpcf7-form-control wpcf7-text wpcf7-validates-as-required\" aria-required=\"true\" aria-invalid=\"false\" placeholder=\"\u0130sim Soyisim *\" value=\"\" type=\"text\" name=\"Name\" \/><\/span>\n                                        <\/div>\n                                    <\/div>\n                                    <div class=\"col-lg-6\">\n                                        <div class=\"form_box\">\n                                           <span class=\"wpcf7-form-control-wrap\" data-name=\"email-433\"><input size=\"40\" maxlength=\"400\" class=\"wpcf7-form-control wpcf7-email wpcf7-validates-as-required wpcf7-text wpcf7-validates-as-email\" aria-required=\"true\" aria-invalid=\"false\" placeholder=\"E-Mail Adresiniz *\" value=\"\" type=\"email\" name=\"email-433\" \/><\/span>\n                                        <\/div>\n                                    <\/div>\n                                    <div class=\"col-lg-6\">\n                                        <div class=\"form_box\">\n                                           <span class=\"wpcf7-form-control-wrap\" data-name=\"Subject\"><input size=\"40\" maxlength=\"400\" class=\"wpcf7-form-control wpcf7-text wpcf7-validates-as-required\" aria-required=\"true\" aria-invalid=\"false\" placeholder=\"Konu *\" value=\"\" type=\"text\" name=\"Subject\" \/><\/span>\n                                        <\/div>\n                                    <\/div>\n                                    <div class=\"col-lg-6\">\n                                        <div class=\"form_box\">\n                                            <span class=\"wpcf7-form-control-wrap\" data-name=\"Phone\"><input size=\"40\" maxlength=\"400\" class=\"wpcf7-form-control wpcf7-text wpcf7-validates-as-required\" aria-required=\"true\" aria-invalid=\"false\" placeholder=\"Telefone *\" value=\"\" type=\"text\" name=\"Phone\" \/><\/span> \n                                        <\/div>\n                                    <\/div>\n                                    <div class=\"col-lg-12\">\n                                        <div class=\"form_box\">\n                                            <span class=\"wpcf7-form-control-wrap\" data-name=\"textarea-727\"><textarea cols=\"30\" rows=\"10\" maxlength=\"2000\" class=\"wpcf7-form-control wpcf7-textarea wpcf7-validates-as-required\" aria-required=\"true\" aria-invalid=\"false\" placeholder=\"Mesaj\u0131n\u0131z\" name=\"textarea-727\"><\/textarea><\/span> \n                                        <\/div>\n                                        <div class=\"quote_button home_btn_area\">\n                                            <input class=\"wpcf7-form-control wpcf7-submit has-spinner btn\" type=\"submit\" value=\"G\u00d6NDER\" \/>\n                                        <\/div>\n                                    <\/div>\n                                <\/div><div class=\"wpcf7-response-output\" aria-hidden=\"true\"><\/div>\n<\/form>\n<\/div>\n                                <\/div>\r\n                        <\/div>\r\n                                            <\/div>\r\n                    <div class=\"col-lg-6 col-md-5\">\r\n                        <div class=\"contact-box\">\r\n                            <div class=\"contact-video-icon\">    \r\n                                <a class=\"video-vemo-icon venobox vbox-item\" data-vbtype=\"youtube\" data-autoplay=\"true\" href=\"\"><\/a>\r\n                            <\/div>\r\n                        <\/div>\r\n                    <\/div>\r\n                <\/div>\r\n            <\/div>\r\n        <\/div>\r\n\r\n                <div class=\"google-map\">\r\n            <div class=\"container-fluid\">\r\n                <div class=\"row\">\r\n                    <div class=\"col-lg-12\">\r\n                        <iframe src=\"https:\/\/www.google.com\/maps\/embed?pb=!1m18!1m12!1m3!1d761.7209944211497!2d28.940445428529554!3d40.21164372236435!2m3!1f0!2f0!3f0!3m2!1i1024!2i768!4f13.1!3m3!1m2!1s0x14ca11753b698ce3%3A0x5a5d7252a7a0e3e3!2zQXTEscWfIFlhcMSxIFdlc3Rwb2ludCBBVk0gT2ZmaWNl!5e0!3m2!1str!2str!4v1774294137328!5m2!1str!2str\" width=\"600\" height=\"450\"><\/iframe>                    <\/div>\r\n                <\/div>\r\n            <\/div>\r\n        <\/div>\r\n        \r\n\r\n    \t\t\t\t<\/div>\n\t\t\t\t<\/div>\n\t\t\t\t<\/div>\n\t\t\t\t<\/div>\n\t\t","protected":false},"excerpt":{"rendered":"<p>\u0130leti\u015fim Home &lt; \u0130leti\u015fim \u0130leti\u015fim Bilgisi Bursa Web Tasar\u0131m Prod\u00fcksiyon Evi &amp; Teknoloji Partneri<\/p>\n","protected":false},"author":1,"featured_media":0,"parent":0,"menu_order":0,"comment_status":"closed","ping_status":"closed","template":"elementor_header_footer","meta":{"_acf_changed":false,"footnotes":""},"class_list":["post-331","page","type-page","status-publish","hentry"],"acf":[],"_links":{"self":[{"href":"https:\/\/sharemet.com\/index.php?rest_route=\/wp\/v2\/pages\/331","targetHints":{"allow":["GET"]}}],"collection":[{"href":"https:\/\/sharemet.com\/index.php?rest_route=\/wp\/v2\/pages"}],"about":[{"href":"https:\/\/sharemet.com\/index.php?rest_route=\/wp\/v2\/types\/page"}],"author":[{"embeddable":true,"href":"https:\/\/sharemet.com\/index.php?rest_route=\/wp\/v2\/users\/1"}],"replies":[{"embeddable":true,"href":"https:\/\/sharemet.com\/index.php?rest_route=%2Fwp%2Fv2%2Fcomments&post=331"}],"version-history":[{"count":10,"href":"https:\/\/sharemet.com\/index.php?rest_route=\/wp\/v2\/pages\/331\/revisions"}],"predecessor-version":[{"id":877,"href":"https:\/\/sharemet.com\/index.php?rest_route=\/wp\/v2\/pages\/331\/revisions\/877"}],"wp:attachment":[{"href":"https:\/\/sharemet.com\/index.php?rest_route=%2Fwp%2Fv2%2Fmedia&parent=331"}],"curies":[{"name":"wp","href":"https:\/\/api.w.org\/{rel}","templated":true}]}}